{"id":5876,"date":"2024-07-31T15:56:31","date_gmt":"2024-07-31T18:56:31","guid":{"rendered":"https:\/\/brasiluniformesmg.com.br\/?post_type=product&#038;p=5876"},"modified":"2024-10-14T16:51:33","modified_gmt":"2024-10-14T19:51:33","slug":"correia-laminada-com-pelicula-elevadora","status":"publish","type":"product","link":"https:\/\/brasiluniformesmg.com.br\/?product=correia-laminada-com-pelicula-elevadora","title":{"rendered":"Guarda p\u00f3 manga curta"},"content":{"rendered":"<h2>Correia Laminada com Pel\u00edcula\/Elevadora<\/h2>\n<p>&nbsp;<\/p>\n<p>As correias elevadoras\/laminadas da Londres Belt s\u00e3o projetadas especificamente para aplica\u00e7\u00f5es em elevadores de caneca e transporte de gr\u00e3os ou outros materiais. Devido \u00e0 constru\u00e7\u00e3o robusta da carca\u00e7a, essas correias se destacam pela confiabilidade e longa vida \u00fatil, tornando-se uma escolha ideal para diversas opera\u00e7\u00f5es industriais.<br \/>\nPara sua maior comodidade dimensionamos sua correia de acordo com modelo, espessura da cobertura de borracha, tipo de carca\u00e7a, quantidade de lonas a serem utilizadas e entregamos cortadas e perfuradas, prontas para o uso.<\/p>\n<p>Aplica\u00e7\u00f5es das Correias Elevadoras\/Laminadas<br \/>\nNossas correias s\u00e3o vers\u00e1teis e podem ser utilizadas em diversas ind\u00fastrias para o transporte de uma ampla gama de materiais:<\/p>\n<p>Agricultura: Transporte de gr\u00e3os como soja, milho, arroz e caf\u00e9.<\/p>\n<p>Constru\u00e7\u00e3o: Movimenta\u00e7\u00e3o de areia, cascalho e pequenas britas.<br \/>\nInd\u00fastria: Utilizadas em f\u00e1bricas de argamassas e tintas.<\/p>\n<p>Energia e Meio Ambiente: Aplica\u00e7\u00f5es em centrais el\u00e9tricas, esta\u00e7\u00f5es de incinera\u00e7\u00e3o de lixo, e plantas de reciclagem e compostagem.<\/p>\n<p>Processamento Mineral: Utilizadas em plantas de mistura de asfalto e processamento mineral.<\/p>\n<p>&nbsp;<\/p>\n<p>Obs: tamb\u00e9m fornecemos o conjunto elevador Canecas\/Ca\u00e7ambas, parafuso, porcas e arruelas<\/p>\n<p>&nbsp;<\/p>\n<p><a href=\"https:\/\/brasiluniformesmg.com.br\/wp-content\/uploads\/2024\/07\/Catalogo-londresbelt.pdf\" target=\"_blank\" rel=\"noopener\"><img decoding=\"async\" class=\"wp-image-5861 size-medium aligncenter\" src=\"https:\/\/brasiluniformesmg.com.br\/wp-content\/uploads\/2024\/07\/botao-catalogo-300x80.webp\" alt=\"\" width=\"300\" height=\"80\" srcset=\"https:\/\/brasiluniformesmg.com.br\/wp-content\/uploads\/2024\/07\/botao-catalogo-300x80.webp 300w, https:\/\/brasiluniformesmg.com.br\/wp-content\/uploads\/2024\/07\/botao-catalogo.webp 400w\" sizes=\"(max-width: 300px) 100vw, 300px\" \/><\/a><\/p>\n","protected":false},"excerpt":{"rendered":"<p>Correia Laminada com Pel\u00edcula\/Elevadora &nbsp; As correias elevadoras\/laminadas da Londres Belt s\u00e3o projetadas especificamente para aplica\u00e7\u00f5es em elevadores de caneca e transporte de gr\u00e3os ou outros materiais. Devido \u00e0 constru\u00e7\u00e3o robusta da carca\u00e7a, essas correias se destacam pela confiabilidade e longa vida \u00fatil, tornando-se uma escolha ideal para diversas opera\u00e7\u00f5es industriais. Para sua maior comodidade [&hellip;]<\/p>\n","protected":false},"featured_media":6036,"template":"","meta":{"site-sidebar-layout":"default","site-content-layout":"","ast-site-content-layout":"default","site-content-style":"default","site-sidebar-style":"default","ast-global-header-display":"","ast-banner-title-visibility":"","ast-main-header-display":"","ast-hfb-above-header-display":"","ast-hfb-below-header-display":"","ast-hfb-mobile-header-display":"","site-post-title":"","ast-breadcrumbs-content":"","ast-featured-img":"","footer-sml-layout":"","theme-transparent-header-meta":"default","adv-header-id-meta":"","stick-header-meta":"","header-above-stick-meta":"","header-main-stick-meta":"","header-below-stick-meta":"","astra-migrate-meta-layouts":"set","ast-page-background-enabled":"default","ast-page-background-meta":{"desktop":{"background-color":"","background-image":"","background-repeat":"repeat","background-position":"center center","background-size":"auto","background-attachment":"scroll","background-type":"","background-media":"","overlay-type":"","overlay-color":"","overlay-opacity":"","overlay-gradient":""},"tablet":{"background-color":"","background-image":"","background-repeat":"repeat","background-position":"center center","background-size":"auto","background-attachment":"scroll","background-type":"","background-media":"","overlay-type":"","overlay-color":"","overlay-opacity":"","overlay-gradient":""},"mobile":{"background-color":"","background-image":"","background-repeat":"repeat","background-position":"center center","background-size":"auto","background-attachment":"scroll","background-type":"","background-media":"","overlay-type":"","overlay-color":"","overlay-opacity":"","overlay-gradient":""}},"ast-content-background-meta":{"desktop":{"background-color":"var(--ast-global-color-5)","background-image":"","background-repeat":"repeat","background-position":"center center","background-size":"auto","background-attachment":"scroll","background-type":"","background-media":"","overlay-type":"","overlay-color":"","overlay-opacity":"","overlay-gradient":""},"tablet":{"background-color":"var(--ast-global-color-5)","background-image":"","background-repeat":"repeat","background-position":"center center","background-size":"auto","background-attachment":"scroll","background-type":"","background-media":"","overlay-type":"","overlay-color":"","overlay-opacity":"","overlay-gradient":""},"mobile":{"background-color":"var(--ast-global-color-5)","background-image":"","background-repeat":"repeat","background-position":"center center","background-size":"auto","background-attachment":"scroll","background-type":"","background-media":"","overlay-type":"","overlay-color":"","overlay-opacity":"","overlay-gradient":""}}},"product_brand":[],"product_cat":[44],"product_tag":[],"class_list":{"0":"post-5876","1":"product","2":"type-product","3":"status-publish","4":"has-post-thumbnail","6":"product_cat-uniforme-de-servicos-gerais","7":"desktop-align-center","8":"tablet-align-center","9":"mobile-align-center","11":"first","12":"instock","13":"shipping-taxable","14":"product-type-simple"},"_links":{"self":[{"href":"https:\/\/brasiluniformesmg.com.br\/index.php?rest_route=\/wp\/v2\/product\/5876","targetHints":{"allow":["GET"]}}],"collection":[{"href":"https:\/\/brasiluniformesmg.com.br\/index.php?rest_route=\/wp\/v2\/product"}],"about":[{"href":"https:\/\/brasiluniformesmg.com.br\/index.php?rest_route=\/wp\/v2\/types\/product"}],"wp:featuredmedia":[{"embeddable":true,"href":"https:\/\/brasiluniformesmg.com.br\/index.php?rest_route=\/wp\/v2\/media\/6036"}],"wp:attachment":[{"href":"https:\/\/brasiluniformesmg.com.br\/index.php?rest_route=%2Fwp%2Fv2%2Fmedia&parent=5876"}],"wp:term":[{"taxonomy":"product_brand","embeddable":true,"href":"https:\/\/brasiluniformesmg.com.br\/index.php?rest_route=%2Fwp%2Fv2%2Fproduct_brand&post=5876"},{"taxonomy":"product_cat","embeddable":true,"href":"https:\/\/brasiluniformesmg.com.br\/index.php?rest_route=%2Fwp%2Fv2%2Fproduct_cat&post=5876"},{"taxonomy":"product_tag","embeddable":true,"href":"https:\/\/brasiluniformesmg.com.br\/index.php?rest_route=%2Fwp%2Fv2%2Fproduct_tag&post=5876"}],"curies":[{"name":"wp","href":"https:\/\/api.w.org\/{rel}","templated":true}]}}