{"id":5882,"date":"2024-07-31T15:58:34","date_gmt":"2024-07-31T18:58:34","guid":{"rendered":"https:\/\/brasiluniformesmg.com.br\/?post_type=product&#038;p=5882"},"modified":"2024-10-14T16:49:45","modified_gmt":"2024-10-14T19:49:45","slug":"correias-pu-frayless","status":"publish","type":"product","link":"https:\/\/brasiluniformesmg.com.br\/?product=correias-pu-frayless","title":{"rendered":"Blusa Azul"},"content":{"rendered":"<h2>Correias PU Frayless<\/h2>\n<p>&nbsp;<\/p>\n<p><span class=\"fontstyle0\">Uma correia que n\u00e3o desfia e nem contamina o produto que esta sendo transportado!<\/span><\/p>\n<p><span class=\"fontstyle0\">A correia transportadora\u00a0<\/span><span class=\"fontstyle0\">de PU com tecido Frayless possui o benef\u00edcio de ser antiest\u00e1tica alem de ser ideal para o transporte de Biscoitos, Batatas Fritas e P\u00e3es.<\/span><\/p>\n<p>&nbsp;<\/p>\n<p>&nbsp;<\/p>\n<p>S\u00e3o produzidas em 01 e 02 lonas de poli\u00e9ster com camadas externas de poliuretano da mais alta qualidade. Aderente, fosca ou com grava\u00e7\u00e3o, atendem as exig\u00eancias do mercado europeu com os mais r\u00edgidos controles de qualidade. Todos os modelos com aplica\u00e7\u00e3o na ind\u00fastria de processamento de alimentos, doces, massas, chocolates e processo de embalagens contam com aprova\u00e7\u00e3o do \u00f3rg\u00e3o americano FDA (Food and Drug Administration).<br \/>\nPrincipais setores de atua\u00e7\u00e3o:<\/p>\n<ul>\n<li>Ind\u00fastrias de Biscoitos;<\/li>\n<li>Ind\u00fastrias de Chocolates;<\/li>\n<li>Ind\u00fastrias de Massas;<\/li>\n<li>Fabricantes de equipamentos<a href=\"https:\/\/brasiluniformesmg.com.br\/wp-content\/uploads\/2024\/07\/Catalogo-londresbelt.pdf\" target=\"_blank\" rel=\"noopener\"><img decoding=\"async\" class=\"wp-image-5861 size-medium aligncenter\" src=\"https:\/\/brasiluniformesmg.com.br\/wp-content\/uploads\/2024\/07\/botao-catalogo-300x80.webp\" alt=\"\" width=\"300\" height=\"80\" srcset=\"https:\/\/brasiluniformesmg.com.br\/wp-content\/uploads\/2024\/07\/botao-catalogo-300x80.webp 300w, https:\/\/brasiluniformesmg.com.br\/wp-content\/uploads\/2024\/07\/botao-catalogo.webp 400w\" sizes=\"(max-width: 300px) 100vw, 300px\" \/><\/a><\/li>\n<\/ul>\n","protected":false},"excerpt":{"rendered":"<p>Correias PU Frayless &nbsp; Uma correia que n\u00e3o desfia e nem contamina o produto que esta sendo transportado! A correia transportadora\u00a0de PU com tecido Frayless possui o benef\u00edcio de ser antiest\u00e1tica alem de ser ideal para o transporte de Biscoitos, Batatas Fritas e P\u00e3es. &nbsp; &nbsp; S\u00e3o produzidas em 01 e 02 lonas de poli\u00e9ster [&hellip;]<\/p>\n","protected":false},"featured_media":6037,"template":"","meta":{"site-sidebar-layout":"default","site-content-layout":"","ast-site-content-layout":"default","site-content-style":"default","site-sidebar-style":"default","ast-global-header-display":"","ast-banner-title-visibility":"","ast-main-header-display":"","ast-hfb-above-header-display":"","ast-hfb-below-header-display":"","ast-hfb-mobile-header-display":"","site-post-title":"","ast-breadcrumbs-content":"","ast-featured-img":"","footer-sml-layout":"","theme-transparent-header-meta":"default","adv-header-id-meta":"","stick-header-meta":"","header-above-stick-meta":"","header-main-stick-meta":"","header-below-stick-meta":"","astra-migrate-meta-layouts":"set","ast-page-background-enabled":"default","ast-page-background-meta":{"desktop":{"background-color":"","background-image":"","background-repeat":"repeat","background-position":"center center","background-size":"auto","background-attachment":"scroll","background-type":"","background-media":"","overlay-type":"","overlay-color":"","overlay-opacity":"","overlay-gradient":""},"tablet":{"background-color":"","background-image":"","background-repeat":"repeat","background-position":"center center","background-size":"auto","background-attachment":"scroll","background-type":"","background-media":"","overlay-type":"","overlay-color":"","overlay-opacity":"","overlay-gradient":""},"mobile":{"background-color":"","background-image":"","background-repeat":"repeat","background-position":"center center","background-size":"auto","background-attachment":"scroll","background-type":"","background-media":"","overlay-type":"","overlay-color":"","overlay-opacity":"","overlay-gradient":""}},"ast-content-background-meta":{"desktop":{"background-color":"var(--ast-global-color-5)","background-image":"","background-repeat":"repeat","background-position":"center center","background-size":"auto","background-attachment":"scroll","background-type":"","background-media":"","overlay-type":"","overlay-color":"","overlay-opacity":"","overlay-gradient":""},"tablet":{"background-color":"var(--ast-global-color-5)","background-image":"","background-repeat":"repeat","background-position":"center center","background-size":"auto","background-attachment":"scroll","background-type":"","background-media":"","overlay-type":"","overlay-color":"","overlay-opacity":"","overlay-gradient":""},"mobile":{"background-color":"var(--ast-global-color-5)","background-image":"","background-repeat":"repeat","background-position":"center center","background-size":"auto","background-attachment":"scroll","background-type":"","background-media":"","overlay-type":"","overlay-color":"","overlay-opacity":"","overlay-gradient":""}}},"product_brand":[],"product_cat":[44],"product_tag":[],"class_list":{"0":"post-5882","1":"product","2":"type-product","3":"status-publish","4":"has-post-thumbnail","6":"product_cat-uniforme-de-servicos-gerais","7":"desktop-align-center","8":"tablet-align-center","9":"mobile-align-center","11":"first","12":"instock","13":"shipping-taxable","14":"product-type-simple"},"_links":{"self":[{"href":"https:\/\/brasiluniformesmg.com.br\/index.php?rest_route=\/wp\/v2\/product\/5882","targetHints":{"allow":["GET"]}}],"collection":[{"href":"https:\/\/brasiluniformesmg.com.br\/index.php?rest_route=\/wp\/v2\/product"}],"about":[{"href":"https:\/\/brasiluniformesmg.com.br\/index.php?rest_route=\/wp\/v2\/types\/product"}],"wp:featuredmedia":[{"embeddable":true,"href":"https:\/\/brasiluniformesmg.com.br\/index.php?rest_route=\/wp\/v2\/media\/6037"}],"wp:attachment":[{"href":"https:\/\/brasiluniformesmg.com.br\/index.php?rest_route=%2Fwp%2Fv2%2Fmedia&parent=5882"}],"wp:term":[{"taxonomy":"product_brand","embeddable":true,"href":"https:\/\/brasiluniformesmg.com.br\/index.php?rest_route=%2Fwp%2Fv2%2Fproduct_brand&post=5882"},{"taxonomy":"product_cat","embeddable":true,"href":"https:\/\/brasiluniformesmg.com.br\/index.php?rest_route=%2Fwp%2Fv2%2Fproduct_cat&post=5882"},{"taxonomy":"product_tag","embeddable":true,"href":"https:\/\/brasiluniformesmg.com.br\/index.php?rest_route=%2Fwp%2Fv2%2Fproduct_tag&post=5882"}],"curies":[{"name":"wp","href":"https:\/\/api.w.org\/{rel}","templated":true}]}}